{"id":61,"date":"2023-11-28T12:31:43","date_gmt":"2023-11-28T11:31:43","guid":{"rendered":"https:\/\/apc.lacooperativedesinternets.fr\/en\/?page_id=61"},"modified":"2025-02-11T11:00:25","modified_gmt":"2025-02-11T10:00:25","slug":"the-agency","status":"publish","type":"page","link":"https:\/\/www.apc-paris.com\/en\/the-agency\/","title":{"rendered":"The Agency"},"content":{"rendered":"\n<h2 class=\"wp-block-heading\"><strong>About us<\/strong>&nbsp;<\/h2>\n\n\n\n<p>Implemented by the Local Authority to achieve the objectives fixed in the Climate Plan, the Paris Climate Agency has more than fifty members and partners. <strong>It is a key driving force for the energy transition in Paris which aims at involving the whole region and assisting the implementation of operational projects, particularly in the energy retrofit of buildings<\/strong>.<\/p>\n\n\n\n<p>By promoting dialogue and debate around these major issues, the\u202fAPC also contributes to create a common knowledge base and initiatives to foster urban transformation. It brings stakeholders together in an alliance that aims at achieving the energy transition of Paris and adapting to the climate\u202fchange.&nbsp;<\/p>\n\n\n\n<p>The Paris Climate Agency (APC) aims at informing, advising and assisting Parisians in their effort to adapt to climate change and be part of the energy transition.\u202fAPC\u202fis the one-stop shop for energy retrofitting of condominiums in Paris;\u202fAPC energy advisers accompany co-owners in their work on energy efficiency. <\/p>\n\n\n\n<div class=\"wp-block-coopi-highlight\">\n<p class=\"has-text-align-center\">As a nonprofit and multi-partner organisation, the Paris Climate Agency is an operational agency for the energy transition in Paris.\u202f<\/p>\n<\/div>\n\n\n\n<p>APC\u202fis working tightly with its members, developped agile working methods and important ties with the stakeholders.&nbsp;<\/p>\n\n\n\n<h2 class=\"wp-block-heading\"><strong>Our missions<\/strong>&nbsp;<\/h2>\n\n\n\n<ul class=\"wp-block-list\">\n<li><strong>To inform, advise Parisians, and promote behavior changes<\/strong> through their housing, their job, their consumption habits, their means of tranportation,\u202fetc\u2026&nbsp;<\/li>\n\n\n\n<li><strong>To mobilize and help<\/strong> <strong>professionals <\/strong>and individuals to be fully involved in the ecological transition&nbsp;<\/li>\n\n\n\n<li><strong>To be clearly identified as the local reference on energy and climate related topics<\/strong> through workshops, conferences, training, technical notes, our expertise\u202fetc\u2026&nbsp;<\/li>\n<\/ul>\n\n\n\n<h2 class=\"wp-block-heading\"><strong>Key\u202fpartners<\/strong>&nbsp;<\/h2>\n\n\n\n<p>The six founders of the agency are either private or public stakeholders:<em> the City of Paris, the \u00cele-de-France Region, M\u00e9t\u00e9o-France,\u202fRATP\u202f(public transport operator),\u202fCPCU\u202f(district heating) and\u202fEDF\u202f(electricity). <\/em>Our Partners come from different backgrounds \u2013 they are companies, non-profit organizations, local authorities, engineering offices.<\/p>\n\n\n\n<div class=\"wp-block-coopi-highlight\">\n<p class=\"has-text-align-center\"> All of these partners reflect the dynamic Parisian energy ecosystem that leads the APC itself into a key stakeholder of this network.&nbsp;<\/p>\n<\/div>\n\n\n\n<p>APC\u202fis one of the first local multi-partnership energy agencies to have public and institutional (\u00cele-de-France Region,\u202fRATP, M\u00e9t\u00e9o-France) and private (EDF,\u202fCPCU)\u202ffounders.&nbsp;<\/p>\n\n\n\n<h2 class=\"wp-block-heading\"><strong>Key numbers<\/strong><\/h2>\n\n\n\n<ul class=\"wp-block-list\">\n<li><strong>1500 <\/strong>collectivities and experts are part of the <strong><a href=\"https:\/\/www.adaptaville.fr\/\" data-type=\"link\" data-id=\"https:\/\/www.adaptaville.fr\/\">AdaptaVille<\/a> <\/strong>community, <em>our platform which references solutions for adapting dense cities to climate change<\/em>.<\/li>\n<\/ul>\n\n\n\n<ul class=\"wp-block-list\">\n<li><strong>10 000<\/strong> Parisian condominiums registered on <a href=\"https:\/\/www.coachcopro.com\/\" data-type=\"link\" data-id=\"https:\/\/www.coachcopro.com\/\" target=\"_blank\" rel=\"noreferrer noopener\"><strong>Coachcopro<\/strong><\/a>, <em>our platform to support co-owners in their energy retrofit projects and improvement of the living environment, <\/em>and <strong>546 <\/strong>professionals affiliated on <a href=\"https:\/\/grandparis.annuaire-coachcopro.com\/\" data-type=\"link\" data-id=\"https:\/\/grandparis.annuaire-coachcopro.com\/\" target=\"_blank\" rel=\"noreferrer noopener\"><strong>CoachCopro phone book<\/strong><\/a>.<\/li>\n\n\n\n<li>More than <strong>30 <\/strong>European partners<\/li>\n<\/ul>\n\n\n\n<div class=\"wp-block-coopi-key-point\"><span class=\"wp-block-coopi-key-point__title\" title=\"displayTitle\">Did you know ?<\/span><span class=\"wp-block-coopi-key-point__key-point\" title=\"displayKeyPoint\">1 million<\/span>\n<p><a href=\"https:\/\/www.coachcopro.com\/\" data-type=\"link\" data-id=\"https:\/\/www.coachcopro.com\/\" target=\"_blank\" rel=\"noreferrer noopener\"><strong>Coachcopro<\/strong><\/a> supports 1 million housing units in France.<\/p>\n<\/div>\n\n\n\n\n\n<h2 class=\"wp-block-heading\"><strong>Flagship\u202fprojects<\/strong>&nbsp;<\/h2>\n\n\n\n<p>The Paris Climate Agency works on projects at different scales\u202f: <strong>local<\/strong>, <strong>metropolitan<\/strong>, <strong>national<\/strong>, and <strong>European<\/strong>.<\/p>\n\n\n\n<figure class=\"wp-block-coopi-image\"><img decoding=\"async\" src=\"https:\/\/www.apc-paris.com\/app\/uploads\/sites\/2\/2023\/12\/Scales-1.png\" alt=\"\" class=\"wp-image-75\"\/><\/figure>\n\n\n\n<p>Discover our main European projects such as :<\/p>\n\n\n\n<h3 class=\"wp-block-heading\">EXPRESS<\/h3>\n\n\n\n<div class=\"wp-block-coopi-media-text has-media-on-the-right\"><div class=\"wp-block-media-text__content\">\n<p>European regions promoting renewable energy self-sufficiency.<\/p>\n\n\n\n<div class=\"wp-block-coopi-button\"><a class=\"wp-coopi-block-button__link wp-element-button\" href=\"https:\/\/www.apc-paris.com\/en\/activites\/express\/\">See details<\/a><\/div>\n\n\n\n<p><\/p>\n\n\n\n<div class=\"wp-block-coopi-button\"><a class=\"wp-coopi-block-button__link wp-element-button\" href=\"https:\/\/www.interregeurope.eu\/express\" target=\"_blank\" rel=\"noreferrer noopener\">More infos<\/a><\/div>\n\n\n\n<p><\/p>\n<\/div><figure class=\"wp-block-media-text__media\"><img loading=\"lazy\" decoding=\"async\" width=\"1920\" height=\"689\" src=\"https:\/\/www.apc-paris.com\/app\/uploads\/sites\/2\/2024\/01\/Interreg-EXPRESS.png\" alt=\"\" class=\"wp-image-142 size-undefined\"\/><\/figure><\/div>\n\n\n\n<h3 class=\"wp-block-heading\">MonitorEE<\/h3>\n\n\n\n<div class=\"wp-block-coopi-media-text has-media-on-the-right\"><div class=\"wp-block-media-text__content\">\n<p>Enhancing monitoring energy efficiency in buildings.<\/p>\n\n\n\n<div class=\"wp-block-coopi-button\"><a class=\"wp-coopi-block-button__link wp-element-button\" href=\"https:\/\/www.apc-paris.com\/en\/activites\/monitoree-enhancing-monitoring-energy-efficiency-in-buildings\/\">See details<\/a><\/div>\n\n\n\n<p><\/p>\n\n\n\n<div class=\"wp-block-coopi-button\"><a class=\"wp-coopi-block-button__link wp-element-button\" href=\"https:\/\/www.interregeurope.eu\/monitoree\" target=\"_blank\" rel=\"noreferrer noopener\">More infos<\/a><\/div>\n<\/div><figure class=\"wp-block-media-text__media\"><img loading=\"lazy\" decoding=\"async\" width=\"464\" height=\"167\" src=\"https:\/\/www.apc-paris.com\/app\/uploads\/sites\/2\/2023\/12\/Interreg-MonitorEE.png\" alt=\"\" class=\"wp-image-103 size-undefined\"\/><\/figure><\/div>\n\n\n\n<h3 class=\"wp-block-heading\">SCEPA<\/h3>\n\n\n\n<div class=\"wp-block-coopi-media-text has-media-on-the-right\"><div class=\"wp-block-media-text__content\">\n<p>Scaling up the Energy Poverty Approach.<\/p>\n\n\n\n<div class=\"wp-block-coopi-buttons\">\n<div class=\"wp-block-coopi-button\"><a class=\"wp-coopi-block-button__link wp-element-button\" href=\"https:\/\/www.apc-paris.com\/en\/activites\/scepa\/\">See details<\/a><\/div>\n<\/div>\n\n\n\n<div class=\"wp-block-coopi-button\"><a class=\"wp-coopi-block-button__link wp-element-button\" href=\"https:\/\/southeastenergy.ie\/eu-supports-scaling-up-energy-poverty-approaches-with-interreg-subsidy\/\" target=\"_blank\" rel=\"noreferrer noopener\">More infos on our partner website<\/a><\/div>\n<\/div><figure class=\"wp-block-media-text__media\"><img loading=\"lazy\" decoding=\"async\" width=\"770\" height=\"339\" src=\"https:\/\/www.apc-paris.com\/app\/uploads\/sites\/2\/2023\/12\/Interreg-SCEPA-logo@2x-100.jpg\" alt=\"\" class=\"wp-image-105 size-undefined\"\/><\/figure><\/div>\n\n\n\n<h3 class=\"wp-block-heading\">GINNGER <\/h3>\n\n\n\n<div class=\"wp-block-coopi-columns\">\n<div class=\"wp-block-coopi-column\">\n<p>Regeneration of Neighbourhoods through place-based approaches.<\/p>\n\n\n\n<div class=\"wp-block-coopi-buttons\">\n<div class=\"wp-block-coopi-button\"><a class=\"wp-coopi-block-button__link wp-element-button\" href=\"https:\/\/www.apc-paris.com\/en\/activites\/ginnger\/\">See details<\/a><\/div>\n<\/div>\n<\/div>\n\n\n\n<div class=\"wp-block-coopi-column\">\n<figure class=\"wp-block-coopi-image\"><img decoding=\"async\" src=\"https:\/\/www.apc-paris.com\/app\/uploads\/sites\/2\/2024\/02\/GIN_Logo_RGB_Vertical_Positive_NoSafeArea-e1707130913277.png\" alt=\"GINNGER logo\" class=\"wp-image-153\"\/><figcaption>GINNGER logo<\/figcaption><\/figure>\n<\/div>\n<\/div>\n\n\n\n<h3 class=\"wp-block-heading\">CondoReno<\/h3>\n\n\n\n<p>Creating Integrated Home Renovation Services for Condominium Associations.<\/p>\n\n\n\n<div class=\"wp-block-coopi-buttons\">\n<div class=\"wp-block-coopi-button\"><a class=\"wp-coopi-block-button__link wp-element-button\" href=\"https:\/\/condoreno.org\/\" target=\"_blank\" rel=\"noreferrer noopener\">More infos<\/a><\/div>\n<\/div>\n\n\n\n<h3 class=\"wp-block-heading\">Discover<\/h3>\n\n\n\n<div class=\"wp-block-coopi-columns\">\n<div class=\"wp-block-coopi-column\">\n<p>Developing integrated services for community energy to accelerate valid energy transition.*<\/p>\n\n\n\n<div class=\"wp-block-coopi-buttons\">\n<div class=\"wp-block-coopi-button\"><a class=\"wp-coopi-block-button__link wp-element-button\" href=\"https:\/\/www.apc-paris.com\/en\/activites\/discover\/\">See details<\/a><\/div>\n<\/div>\n\n\n\n<div class=\"wp-block-coopi-buttons\">\n<div class=\"wp-block-coopi-button\"><a class=\"wp-coopi-block-button__link wp-element-button\" href=\"https:\/\/ec.europa.eu\/info\/funding-tenders\/opportunities\/portal\/screen\/opportunities\/projects-details\/43252405\/101120622\/LIFE2027?programmePeriod=2021-2027&amp;programId=43252405&amp;freeKeywords=discover&amp;order=DESC&amp;page=1&amp;pageSize=10\" target=\"_blank\" rel=\"noreferrer noopener\">More infos<\/a><\/div>\n<\/div>\n<\/div>\n\n\n\n<div class=\"wp-block-coopi-column\">\n<figure class=\"wp-block-coopi-image\"><img loading=\"lazy\" decoding=\"async\" width=\"1465\" height=\"460\" src=\"https:\/\/www.apc-paris.com\/app\/uploads\/sites\/2\/2024\/07\/Discover-_logo-JPG.jpg\" alt=\"\" class=\"wp-image-167\"\/><figcaption>Discover logo<\/figcaption><\/figure>\n<\/div>\n<\/div>\n\n\n\n<p><\/p>\n","protected":false},"excerpt":{"rendered":"<p>Overview: The Paris Climate Agency is a non-profit organisation created in 2011 by the Local Authority and the Environmental and Energy Management Agency. We are a key actor in Paris and the Metropolitan area, specialised in buildings energy retrofit, energy, ecological transition and adaptation to climate change.<\/p>\n","protected":false},"author":2,"featured_media":134,"parent":0,"menu_order":0,"comment_status":"closed","ping_status":"closed","template":"","meta":{"_acf_changed":false,"footnotes":""},"class_list":["post-61","page","type-page","status-publish","has-post-thumbnail","hentry"],"acf":[],"_links":{"self":[{"href":"https:\/\/www.apc-paris.com\/en\/wp-json\/wp\/v2\/pages\/61","targetHints":{"allow":["GET"]}}],"collection":[{"href":"https:\/\/www.apc-paris.com\/en\/wp-json\/wp\/v2\/pages"}],"about":[{"href":"https:\/\/www.apc-paris.com\/en\/wp-json\/wp\/v2\/types\/page"}],"author":[{"embeddable":true,"href":"https:\/\/www.apc-paris.com\/en\/wp-json\/wp\/v2\/users\/2"}],"replies":[{"embeddable":true,"href":"https:\/\/www.apc-paris.com\/en\/wp-json\/wp\/v2\/comments?post=61"}],"version-history":[{"count":0,"href":"https:\/\/www.apc-paris.com\/en\/wp-json\/wp\/v2\/pages\/61\/revisions"}],"wp:featuredmedia":[{"embeddable":true,"href":"https:\/\/www.apc-paris.com\/en\/wp-json\/wp\/v2\/media\/134"}],"wp:attachment":[{"href":"https:\/\/www.apc-paris.com\/en\/wp-json\/wp\/v2\/media?parent=61"}],"curies":[{"name":"wp","href":"https:\/\/api.w.org\/{rel}","templated":true}]}}